{"id":578,"date":"2015-12-13T16:55:50","date_gmt":"2015-12-13T12:55:50","guid":{"rendered":"http:\/\/www.campingarmenia.com\/?page_id=578"},"modified":"2025-01-16T10:38:41","modified_gmt":"2025-01-16T06:38:41","slug":"information-3gs","status":"publish","type":"page","link":"https:\/\/www.campingarmenia.com\/de\/information-3gs\/","title":{"rendered":"Informationen 3 Gs"},"content":{"rendered":"<p><strong>Das Camping 3Gs ist vom 1. April bis zum 1. November ge\u00f6ffnent<\/strong><\/p>\n<p>Der Eigent\u00fcmer<\/p>\n<p>2011 Sandra (NL), zog aufgrund eines Jobangebots nach Armenien. Um ehrlich zu sein, wusste ich am Anfang sehr wenig \u00fcber das Land. Nach einem dreimonatigen Aufenthalt in der Hauptstadt Eriwan bin ich in einer Wohnung bei einer Familie in Goght gelandet. An freien Tagen habe ich mit meinem Hund die Natur und die sch\u00f6ne Umgebung kennengelernt. Familie und Freunde kamen zu Besuch und verliebten sich wie ich in dieses Land. Deshalb habe ich mich entschieden, ein Haus mit Blick auf den Khosrov-Nationalpark zu suchen, von wo aus man die sch\u00f6ne Aussicht genie\u00dfen kann.<\/p>\n<p>&nbsp;<\/p>\n<p><img loading=\"lazy\" decoding=\"async\" class=\"alignnone size-medium wp-image-1005\" src=\"http:\/\/www.campingarmenia.com\/wp-content\/uploads\/2015\/12\/sandra-2022-225x300.jpg\" alt=\"\" width=\"225\" height=\"300\" srcset=\"https:\/\/www.campingarmenia.com\/wp-content\/uploads\/2015\/12\/sandra-2022-225x300.jpg 225w, https:\/\/www.campingarmenia.com\/wp-content\/uploads\/2015\/12\/sandra-2022.jpg 768w, https:\/\/www.campingarmenia.com\/wp-content\/uploads\/2015\/12\/sandra-2022-128x170.jpg 128w\" sizes=\"auto, (max-width: 225px) 100vw, 225px\" \/><\/p>\n<p><strong><em>Wie ist der Name Camping 3Gs entstanden?<\/em><\/strong><\/p>\n<p>Weil GOGHT exakt inmitten der zwei bekannten Orte Garni und Geghard liegt haben wir den Namen 3Gs bedacht. Garni liegt 15 Minuten, Geghard 10 Minuten vom Camping 3 Gs entfernt. Sie k\u00f6nnen beide Orte zu Fu\u00df, mit dem Fahrrad oder mit Taxi\/Taxibusen erreichen.<\/p>\n<p><strong><em>Camping 3 Gs<\/em><\/strong><\/p>\n<p>Camping 3Gs wurde 2015 er\u00f6ffnet. Das Camping liegt genau zwischen Garni und Geghard.\u00a0Auf dem Grundst\u00fcck befindet sich ein gro\u00dfer Garten mit Swimmingpool und Liegest\u00fchlen. Hier k\u00f6nnen Sie die 280 Sonnentage, die Goght bietet, genie\u00dfen, denn es regnet nur selten. \u00dcber die Treppe erreichen Sie den tiefer gelegenen Obstgarten (9000 m\u00b2), in dem Sie ihr Zelt unter B\u00e4umen aufschlagen k\u00f6nnen. Dies sind traditionelle Baumsorten, wie Walnuss, verschiedene Arten Apfel, Birne, Pfirsich, Kirsche, sowie Weinreben. Die vielen, frei umherlaufenden Tiere sorgen stets f\u00fcr sch\u00f6nes, kurzes Gras.<\/p>\n<p>F\u00fcr Wohnmobile ist ein gepflasterter Stellplatz vorhanden, von dem man einen herrlichen Blick hat. Es gibt drei ger\u00e4umige K\u00fcche, den Campingg\u00e4sten genutzt werden kann, um sich zum Beispiel Abendessen zuzubereiten. Wir bieten gratis WLAN und k\u00f6nnen (gegen Verg\u00fctung) einen Transport zur Hauptstadt oder zum Flughafen organisieren.<\/p>","protected":false},"excerpt":{"rendered":"<p>Das Camping 3Gs ist vom 1. April bis zum 1. November ge\u00f6ffnent Der Eigent\u00fcmer 2011 Sandra (NL), zog aufgrund eines Jobangebots nach Armenien. Um ehrlich zu sein, wusste ich am Anfang sehr wenig \u00fcber das Land. Nach einem dreimonatigen Aufenthalt in der Hauptstadt Eriwan bin ich in einer Wohnung bei einer Familie in Goght gelandet. [&hellip;]<\/p>\n","protected":false},"author":1,"featured_media":916,"parent":0,"menu_order":0,"comment_status":"closed","ping_status":"closed","template":"page-full-width.php","meta":{"footnotes":""},"class_list":["post-578","page","type-page","status-publish","has-post-thumbnail","hentry"],"_links":{"self":[{"href":"https:\/\/www.campingarmenia.com\/de\/wp-json\/wp\/v2\/pages\/578","targetHints":{"allow":["GET"]}}],"collection":[{"href":"https:\/\/www.campingarmenia.com\/de\/wp-json\/wp\/v2\/pages"}],"about":[{"href":"https:\/\/www.campingarmenia.com\/de\/wp-json\/wp\/v2\/types\/page"}],"author":[{"embeddable":true,"href":"https:\/\/www.campingarmenia.com\/de\/wp-json\/wp\/v2\/users\/1"}],"replies":[{"embeddable":true,"href":"https:\/\/www.campingarmenia.com\/de\/wp-json\/wp\/v2\/comments?post=578"}],"version-history":[{"count":15,"href":"https:\/\/www.campingarmenia.com\/de\/wp-json\/wp\/v2\/pages\/578\/revisions"}],"predecessor-version":[{"id":1019,"href":"https:\/\/www.campingarmenia.com\/de\/wp-json\/wp\/v2\/pages\/578\/revisions\/1019"}],"wp:featuredmedia":[{"embeddable":true,"href":"https:\/\/www.campingarmenia.com\/de\/wp-json\/wp\/v2\/media\/916"}],"wp:attachment":[{"href":"https:\/\/www.campingarmenia.com\/de\/wp-json\/wp\/v2\/media?parent=578"}],"curies":[{"name":"wp","href":"https:\/\/api.w.org\/{rel}","templated":true}]}}