{"id":550,"date":"2015-12-04T17:09:14","date_gmt":"2015-12-04T13:09:14","guid":{"rendered":"http:\/\/www.campingarmenia.com\/?page_id=550"},"modified":"2023-02-08T11:55:35","modified_gmt":"2023-02-08T07:55:35","slug":"cool-things-to-do","status":"publish","type":"page","link":"https:\/\/www.campingarmenia.com\/de\/cool-things-to-do\/","title":{"rendered":"Aktivit\u00e4ten"},"content":{"rendered":"<p><em>Es ist nicht nur Kirchen in Armenien nat\u00fcrlich beobachten sie sind sch\u00f6n und sch\u00f6ne Umgebung, aber es gibt mehr Paragliding, Hei\u00dfluftballon oder h\u00e4ngend an einem Seil.<\/em><\/p>\n<p><strong>Gleitschirmfliegen<\/strong> in Armenien auf der Website http:\/\/www.paraplan.am\/ oder Facebook<\/p>\n<p><strong>Skyball<\/strong>: Hei\u00dfluft Ballon (in Goght sogar m\u00f6glich) auf der Website http:\/\/skyball.am\/ oder Facebook<\/p>\n<p><strong>Yell Extreme Park Zipline<\/strong>\u00a0 www.yellextremepark.com;<\/p>\n<p><strong>Armenian outdoor adventures<\/strong>; Ist eine Organisation f\u00fcr Wanderungen und andere Aktivit\u00e4ten in Armenien. www.adventures.am auch auf Facebook zu finden.<\/p>\n<p><strong>Hike Armenia App and Transcaucasiantrial.org;\u00a0<\/strong>eine gute Option, um sch\u00f6ne Wanderwege in ganz Armenien zu bekommen<\/p>\n<p>Wir immer mal f\u00fcr andere coole Dinge, die hier in Armenien zu tun!<\/p>\n<p>&nbsp;<\/p>","protected":false},"excerpt":{"rendered":"<p>Es ist nicht nur Kirchen in Armenien nat\u00fcrlich beobachten sie sind sch\u00f6n und sch\u00f6ne Umgebung, aber es gibt mehr Paragliding, Hei\u00dfluftballon oder h\u00e4ngend an einem Seil. Gleitschirmfliegen in Armenien auf der Website http:\/\/www.paraplan.am\/ oder Facebook Skyball: Hei\u00dfluft Ballon (in Goght sogar m\u00f6glich) auf der Website http:\/\/skyball.am\/ oder Facebook Yell Extreme Park Zipline\u00a0 www.yellextremepark.com; Armenian outdoor [&hellip;]<\/p>\n","protected":false},"author":1,"featured_media":562,"parent":0,"menu_order":0,"comment_status":"closed","ping_status":"closed","template":"page-full-width.php","meta":{"footnotes":""},"class_list":["post-550","page","type-page","status-publish","has-post-thumbnail","hentry"],"_links":{"self":[{"href":"https:\/\/www.campingarmenia.com\/de\/wp-json\/wp\/v2\/pages\/550","targetHints":{"allow":["GET"]}}],"collection":[{"href":"https:\/\/www.campingarmenia.com\/de\/wp-json\/wp\/v2\/pages"}],"about":[{"href":"https:\/\/www.campingarmenia.com\/de\/wp-json\/wp\/v2\/types\/page"}],"author":[{"embeddable":true,"href":"https:\/\/www.campingarmenia.com\/de\/wp-json\/wp\/v2\/users\/1"}],"replies":[{"embeddable":true,"href":"https:\/\/www.campingarmenia.com\/de\/wp-json\/wp\/v2\/comments?post=550"}],"version-history":[{"count":8,"href":"https:\/\/www.campingarmenia.com\/de\/wp-json\/wp\/v2\/pages\/550\/revisions"}],"predecessor-version":[{"id":970,"href":"https:\/\/www.campingarmenia.com\/de\/wp-json\/wp\/v2\/pages\/550\/revisions\/970"}],"wp:featuredmedia":[{"embeddable":true,"href":"https:\/\/www.campingarmenia.com\/de\/wp-json\/wp\/v2\/media\/562"}],"wp:attachment":[{"href":"https:\/\/www.campingarmenia.com\/de\/wp-json\/wp\/v2\/media?parent=550"}],"curies":[{"name":"wp","href":"https:\/\/api.w.org\/{rel}","templated":true}]}}