{"id":548,"date":"2015-12-04T17:07:11","date_gmt":"2015-12-04T13:07:11","guid":{"rendered":"http:\/\/www.campingarmenia.com\/?page_id=548"},"modified":"2025-01-15T11:36:45","modified_gmt":"2025-01-15T07:36:45","slug":"campings-in-armenia","status":"publish","type":"page","link":"https:\/\/www.campingarmenia.com\/de\/campings-in-armenia\/","title":{"rendered":"Campingpl\u00e4tze"},"content":{"rendered":"<p>Im Moment k\u00f6nnen wir Ihnen 3 Campingpl\u00e4tze bieten in Armenia f\u00fcr Wohnmobile und Zelte.<\/p>\n<p>Goght; Camping 3 Gs<\/p>\n<p>Yeghegnadzor:\u00a0 Crossway Camping<\/p>\n<p>Hagpat: Kanchaqar Camping RV<\/p>\n<p>Lesen Sie die Informationen und Sie erhalten mehr Optionen Informationen \u00fcber diese Campingpl\u00e4tze zu gewinnen. Instagram, Facebook und Google.<\/p>","protected":false},"excerpt":{"rendered":"<p>Im Moment k\u00f6nnen wir Ihnen 3 Campingpl\u00e4tze bieten in Armenia f\u00fcr Wohnmobile und Zelte. Goght; Camping 3 Gs Yeghegnadzor:\u00a0 Crossway Camping Hagpat: Kanchaqar Camping RV Lesen Sie die Informationen und Sie erhalten mehr Optionen Informationen \u00fcber diese Campingpl\u00e4tze zu gewinnen. Instagram, Facebook und Google.<\/p>\n","protected":false},"author":1,"featured_media":912,"parent":0,"menu_order":0,"comment_status":"closed","ping_status":"closed","template":"page-full-width.php","meta":{"footnotes":""},"class_list":["post-548","page","type-page","status-publish","has-post-thumbnail","hentry"],"_links":{"self":[{"href":"https:\/\/www.campingarmenia.com\/de\/wp-json\/wp\/v2\/pages\/548","targetHints":{"allow":["GET"]}}],"collection":[{"href":"https:\/\/www.campingarmenia.com\/de\/wp-json\/wp\/v2\/pages"}],"about":[{"href":"https:\/\/www.campingarmenia.com\/de\/wp-json\/wp\/v2\/types\/page"}],"author":[{"embeddable":true,"href":"https:\/\/www.campingarmenia.com\/de\/wp-json\/wp\/v2\/users\/1"}],"replies":[{"embeddable":true,"href":"https:\/\/www.campingarmenia.com\/de\/wp-json\/wp\/v2\/comments?post=548"}],"version-history":[{"count":10,"href":"https:\/\/www.campingarmenia.com\/de\/wp-json\/wp\/v2\/pages\/548\/revisions"}],"predecessor-version":[{"id":1004,"href":"https:\/\/www.campingarmenia.com\/de\/wp-json\/wp\/v2\/pages\/548\/revisions\/1004"}],"wp:featuredmedia":[{"embeddable":true,"href":"https:\/\/www.campingarmenia.com\/de\/wp-json\/wp\/v2\/media\/912"}],"wp:attachment":[{"href":"https:\/\/www.campingarmenia.com\/de\/wp-json\/wp\/v2\/media?parent=548"}],"curies":[{"name":"wp","href":"https:\/\/api.w.org\/{rel}","templated":true}]}}