{"id":454,"date":"2015-04-03T16:43:38","date_gmt":"2015-04-03T12:43:38","guid":{"rendered":"http:\/\/www.campingarmenia.com\/?page_id=454"},"modified":"2025-01-15T15:47:04","modified_gmt":"2025-01-15T11:47:04","slug":"campers-and-tents","status":"publish","type":"page","link":"https:\/\/www.campingarmenia.com\/de\/campers-and-tents\/","title":{"rendered":"Wohnmobile &#038; Zelte"},"content":{"rendered":"<p><strong>Camping \u00dcbersicht<\/strong><\/p>\n<p>Das Camping 3Gs hat die M\u00f6glichkeit auch G\u00e4ste mit Zelten und Wohnmobilen zu empfangen.<\/p>\n<p>Der Preis betr\u00e4gt f\u00fcr Wohnmobile und Zelte 4.500 AMD\u00a0pro Person.<\/p>\n<p>Der Preis betr\u00e4gt f\u00fcr Kinder 2.000 AMD von 2 bis 10 Jahre.<\/p>\n<p>Die Benutzung von Swimmingpool, Outdoor-K\u00fcche, warmer Dusche und WC, WLAN\u00a0 ist im Preis inbegriffen.<\/p>\n<p>Check in 15:00- 21:00 Uhr und check out 11:00- 12:00 Uhr.<\/p>\n<p>nach 12:00 Uhr Abfahrtsgeb\u00fchr 4.500 DRAM extra.<\/p>\n<p>Waschmaschine 8 kg: 500 AMD Selbstbedienung\u00a0Waschmittel 200 dram und W\u00e4schest\u00e4nder inklusive<\/p>\n<p>Mindestaufenthalt 1 Nacht und maximal 5 N\u00e4chte Aufenthalt<\/p>\n<p>3 K\u00fcchen sind komplett ausgestattet, so dass Sie nur Ihr Essen mitbringen m\u00fcssen.<\/p>\n<p><img loading=\"lazy\" decoding=\"async\" class=\"alignnone size-medium wp-image-890\" src=\"http:\/\/www.campingarmenia.com\/wp-content\/uploads\/2022\/02\/20200721_175557-300x225.jpg\" alt=\"\" width=\"300\" height=\"225\" srcset=\"https:\/\/www.campingarmenia.com\/wp-content\/uploads\/2022\/02\/20200721_175557-300x225.jpg 300w, https:\/\/www.campingarmenia.com\/wp-content\/uploads\/2022\/02\/20200721_175557-768x576.jpg 768w, https:\/\/www.campingarmenia.com\/wp-content\/uploads\/2022\/02\/20200721_175557-1024x768.jpg 1024w, https:\/\/www.campingarmenia.com\/wp-content\/uploads\/2022\/02\/20200721_175557-227x170.jpg 227w\" sizes=\"auto, (max-width: 300px) 100vw, 300px\" \/> <img loading=\"lazy\" decoding=\"async\" class=\"alignnone size-medium wp-image-891\" src=\"http:\/\/www.campingarmenia.com\/wp-content\/uploads\/2022\/02\/20200721_175740-300x225.jpg\" alt=\"\" width=\"300\" height=\"225\" srcset=\"https:\/\/www.campingarmenia.com\/wp-content\/uploads\/2022\/02\/20200721_175740-300x225.jpg 300w, https:\/\/www.campingarmenia.com\/wp-content\/uploads\/2022\/02\/20200721_175740-768x576.jpg 768w, https:\/\/www.campingarmenia.com\/wp-content\/uploads\/2022\/02\/20200721_175740-1024x768.jpg 1024w, https:\/\/www.campingarmenia.com\/wp-content\/uploads\/2022\/02\/20200721_175740-227x170.jpg 227w\" sizes=\"auto, (max-width: 300px) 100vw, 300px\" \/><\/p>\n<p><img loading=\"lazy\" decoding=\"async\" class=\"alignnone size-medium wp-image-893\" src=\"http:\/\/www.campingarmenia.com\/wp-content\/uploads\/2022\/02\/20200723_190414-300x225.jpg\" alt=\"\" width=\"300\" height=\"225\" srcset=\"https:\/\/www.campingarmenia.com\/wp-content\/uploads\/2022\/02\/20200723_190414-300x225.jpg 300w, https:\/\/www.campingarmenia.com\/wp-content\/uploads\/2022\/02\/20200723_190414-768x576.jpg 768w, https:\/\/www.campingarmenia.com\/wp-content\/uploads\/2022\/02\/20200723_190414-1024x768.jpg 1024w, https:\/\/www.campingarmenia.com\/wp-content\/uploads\/2022\/02\/20200723_190414-227x170.jpg 227w\" sizes=\"auto, (max-width: 300px) 100vw, 300px\" \/><img loading=\"lazy\" decoding=\"async\" class=\"alignnone wp-image-901\" src=\"http:\/\/www.campingarmenia.com\/wp-content\/uploads\/2022\/02\/20210428_173427-300x169.jpg\" alt=\"\" width=\"289\" height=\"163\" srcset=\"https:\/\/www.campingarmenia.com\/wp-content\/uploads\/2022\/02\/20210428_173427-300x170.jpg 300w, https:\/\/www.campingarmenia.com\/wp-content\/uploads\/2022\/02\/20210428_173427-768x432.jpg 768w, https:\/\/www.campingarmenia.com\/wp-content\/uploads\/2022\/02\/20210428_173427-1024x576.jpg 1024w\" sizes=\"auto, (max-width: 289px) 100vw, 289px\" \/><\/p>\n<p>&nbsp;<\/p>\n<p>&nbsp;<\/p>\n<p><span style=\"color: #000000; font-family: Calibri; font-size: medium;\">Es gibt 8 Toiletten, 8 Duschen und eine au\u00dferhalb douch und 6 Waschbecken mit Spiegel<\/span><\/p>\n<p><img loading=\"lazy\" decoding=\"async\" class=\"alignnone size-medium wp-image-635\" src=\"http:\/\/www.campingarmenia.com\/wp-content\/uploads\/2015\/04\/DSCN3317-300x225.jpg\" alt=\"DSCN3317\" width=\"300\" height=\"225\" srcset=\"https:\/\/www.campingarmenia.com\/wp-content\/uploads\/2015\/04\/DSCN3317-300x225.jpg 300w, https:\/\/www.campingarmenia.com\/wp-content\/uploads\/2015\/04\/DSCN3317-768x576.jpg 768w, https:\/\/www.campingarmenia.com\/wp-content\/uploads\/2015\/04\/DSCN3317-1024x768.jpg 1024w, https:\/\/www.campingarmenia.com\/wp-content\/uploads\/2015\/04\/DSCN3317-227x170.jpg 227w\" sizes=\"auto, (max-width: 300px) 100vw, 300px\" \/><img loading=\"lazy\" decoding=\"async\" class=\"alignnone size-medium wp-image-647\" src=\"http:\/\/www.campingarmenia.com\/wp-content\/uploads\/2015\/04\/DSCN3330-300x225.jpg\" alt=\"DSCN3330\" width=\"300\" height=\"225\" srcset=\"https:\/\/www.campingarmenia.com\/wp-content\/uploads\/2015\/04\/DSCN3330-300x225.jpg 300w, https:\/\/www.campingarmenia.com\/wp-content\/uploads\/2015\/04\/DSCN3330-768x576.jpg 768w, https:\/\/www.campingarmenia.com\/wp-content\/uploads\/2015\/04\/DSCN3330-1024x768.jpg 1024w, https:\/\/www.campingarmenia.com\/wp-content\/uploads\/2015\/04\/DSCN3330-227x170.jpg 227w\" sizes=\"auto, (max-width: 300px) 100vw, 300px\" \/> <img loading=\"lazy\" decoding=\"async\" class=\"alignnone size-medium wp-image-646\" src=\"http:\/\/www.campingarmenia.com\/wp-content\/uploads\/2015\/04\/DSCN3328-300x225.jpg\" alt=\"DSCN3328\" width=\"300\" height=\"225\" srcset=\"https:\/\/www.campingarmenia.com\/wp-content\/uploads\/2015\/04\/DSCN3328-300x225.jpg 300w, https:\/\/www.campingarmenia.com\/wp-content\/uploads\/2015\/04\/DSCN3328-768x576.jpg 768w, https:\/\/www.campingarmenia.com\/wp-content\/uploads\/2015\/04\/DSCN3328-1024x768.jpg 1024w, https:\/\/www.campingarmenia.com\/wp-content\/uploads\/2015\/04\/DSCN3328-227x170.jpg 227w\" sizes=\"auto, (max-width: 300px) 100vw, 300px\" \/><\/p>\n<p>Frei, den Pool und den Grill benutzen<\/p>\n<p><img loading=\"lazy\" decoding=\"async\" class=\"alignnone size-medium wp-image-896\" src=\"http:\/\/www.campingarmenia.com\/wp-content\/uploads\/2022\/02\/20200807_145711-300x225.jpg\" alt=\"\" width=\"300\" height=\"225\" srcset=\"https:\/\/www.campingarmenia.com\/wp-content\/uploads\/2022\/02\/20200807_145711-300x225.jpg 300w, https:\/\/www.campingarmenia.com\/wp-content\/uploads\/2022\/02\/20200807_145711-768x576.jpg 768w, https:\/\/www.campingarmenia.com\/wp-content\/uploads\/2022\/02\/20200807_145711-1024x768.jpg 1024w, https:\/\/www.campingarmenia.com\/wp-content\/uploads\/2022\/02\/20200807_145711-227x170.jpg 227w\" sizes=\"auto, (max-width: 300px) 100vw, 300px\" \/> <img loading=\"lazy\" decoding=\"async\" class=\"alignnone wp-image-899\" src=\"http:\/\/www.campingarmenia.com\/wp-content\/uploads\/2022\/02\/20200830_193058-300x225.jpg\" alt=\"\" width=\"188\" height=\"251\" \/><\/p>\n<p>Es gibt auch eine Garage in der gleichen Stra\u00dfe 5 Minuten.<\/p>","protected":false},"excerpt":{"rendered":"<p>Camping \u00dcbersicht Das Camping 3Gs hat die M\u00f6glichkeit auch G\u00e4ste mit Zelten und Wohnmobilen zu empfangen. Der Preis betr\u00e4gt f\u00fcr Wohnmobile und Zelte 4.500 AMD\u00a0pro Person. Der Preis betr\u00e4gt f\u00fcr Kinder 2.000 AMD von 2 bis 10 Jahre. Die Benutzung von Swimmingpool, Outdoor-K\u00fcche, warmer Dusche und WC, WLAN\u00a0 ist im Preis inbegriffen. Check in 15:00- [&hellip;]<\/p>\n","protected":false},"author":1,"featured_media":820,"parent":0,"menu_order":0,"comment_status":"closed","ping_status":"open","template":"page-full-width.php","meta":{"footnotes":""},"class_list":["post-454","page","type-page","status-publish","has-post-thumbnail","hentry"],"_links":{"self":[{"href":"https:\/\/www.campingarmenia.com\/de\/wp-json\/wp\/v2\/pages\/454","targetHints":{"allow":["GET"]}}],"collection":[{"href":"https:\/\/www.campingarmenia.com\/de\/wp-json\/wp\/v2\/pages"}],"about":[{"href":"https:\/\/www.campingarmenia.com\/de\/wp-json\/wp\/v2\/types\/page"}],"author":[{"embeddable":true,"href":"https:\/\/www.campingarmenia.com\/de\/wp-json\/wp\/v2\/users\/1"}],"replies":[{"embeddable":true,"href":"https:\/\/www.campingarmenia.com\/de\/wp-json\/wp\/v2\/comments?post=454"}],"version-history":[{"count":29,"href":"https:\/\/www.campingarmenia.com\/de\/wp-json\/wp\/v2\/pages\/454\/revisions"}],"predecessor-version":[{"id":1013,"href":"https:\/\/www.campingarmenia.com\/de\/wp-json\/wp\/v2\/pages\/454\/revisions\/1013"}],"wp:featuredmedia":[{"embeddable":true,"href":"https:\/\/www.campingarmenia.com\/de\/wp-json\/wp\/v2\/media\/820"}],"wp:attachment":[{"href":"https:\/\/www.campingarmenia.com\/de\/wp-json\/wp\/v2\/media?parent=454"}],"curies":[{"name":"wp","href":"https:\/\/api.w.org\/{rel}","templated":true}]}}