{"id":303,"date":"2014-12-09T21:05:56","date_gmt":"2014-12-09T17:05:56","guid":{"rendered":"http:\/\/www.campingarmenia.com\/?page_id=303"},"modified":"2026-01-19T11:32:22","modified_gmt":"2026-01-19T07:32:22","slug":"information-about-bb-3-gs","status":"publish","type":"page","link":"https:\/\/www.campingarmenia.com\/de\/information-about-bb-3-gs\/","title":{"rendered":"Carnet de Passages"},"content":{"rendered":"<p><strong>Carnet de Passage<\/strong><\/p>\n<p>Wir bekommen viele Fragen, dass Sie unsere Adresse verwenden und an uns senden m\u00f6chten.<\/p>\n<p>Die Unternehmen wie DHL Express und UPS werden es NICHT an uns senden. Sie sollten es IMMER in ihren B\u00fcros in Eriwan abholen.<\/p>\n<p>Wir k\u00f6nnen das nicht \u00e4ndern und wir empfehlen wirklich nicht, es mit der armenischen Post namens Haypost zu senden, es ist langsam und nicht vertrauensw\u00fcrdig.<\/p>","protected":false},"excerpt":{"rendered":"<p>Carnet de Passage Wir bekommen viele Fragen, dass Sie unsere Adresse verwenden und an uns senden m\u00f6chten. Die Unternehmen wie DHL Express und UPS werden es NICHT an uns senden. Sie sollten es IMMER in ihren B\u00fcros in Eriwan abholen. Wir k\u00f6nnen das nicht \u00e4ndern und wir empfehlen wirklich nicht, es mit der armenischen Post [&hellip;]<\/p>\n","protected":false},"author":1,"featured_media":916,"parent":0,"menu_order":0,"comment_status":"open","ping_status":"open","template":"page-full-width.php","meta":{"footnotes":""},"class_list":["post-303","page","type-page","status-publish","has-post-thumbnail","hentry"],"_links":{"self":[{"href":"https:\/\/www.campingarmenia.com\/de\/wp-json\/wp\/v2\/pages\/303","targetHints":{"allow":["GET"]}}],"collection":[{"href":"https:\/\/www.campingarmenia.com\/de\/wp-json\/wp\/v2\/pages"}],"about":[{"href":"https:\/\/www.campingarmenia.com\/de\/wp-json\/wp\/v2\/types\/page"}],"author":[{"embeddable":true,"href":"https:\/\/www.campingarmenia.com\/de\/wp-json\/wp\/v2\/users\/1"}],"replies":[{"embeddable":true,"href":"https:\/\/www.campingarmenia.com\/de\/wp-json\/wp\/v2\/comments?post=303"}],"version-history":[{"count":34,"href":"https:\/\/www.campingarmenia.com\/de\/wp-json\/wp\/v2\/pages\/303\/revisions"}],"predecessor-version":[{"id":1027,"href":"https:\/\/www.campingarmenia.com\/de\/wp-json\/wp\/v2\/pages\/303\/revisions\/1027"}],"wp:featuredmedia":[{"embeddable":true,"href":"https:\/\/www.campingarmenia.com\/de\/wp-json\/wp\/v2\/media\/916"}],"wp:attachment":[{"href":"https:\/\/www.campingarmenia.com\/de\/wp-json\/wp\/v2\/media?parent=303"}],"curies":[{"name":"wp","href":"https:\/\/api.w.org\/{rel}","templated":true}]}}