{"id":295,"date":"2014-12-09T20:32:17","date_gmt":"2014-12-09T16:32:17","guid":{"rendered":"http:\/\/www.campingarmenia.com\/?page_id=295"},"modified":"2025-01-15T15:21:04","modified_gmt":"2025-01-15T11:21:04","slug":"surroundings","status":"publish","type":"page","link":"https:\/\/www.campingarmenia.com\/de\/surroundings\/","title":{"rendered":"Umgebung"},"content":{"rendered":"<p><a href=\"http:\/\/www.campingarmenia.com\/wp-content\/uploads\/2014\/12\/DSC03673.jpg\"><img loading=\"lazy\" decoding=\"async\" class=\"alignnone size-medium wp-image-225\" src=\"http:\/\/www.campingarmenia.com\/wp-content\/uploads\/2014\/12\/DSC03673-300x225.jpg\" alt=\"DSC03673\" width=\"300\" height=\"225\" srcset=\"https:\/\/www.campingarmenia.com\/wp-content\/uploads\/2014\/12\/DSC03673-300x225.jpg 300w, https:\/\/www.campingarmenia.com\/wp-content\/uploads\/2014\/12\/DSC03673-1024x768.jpg 1024w, https:\/\/www.campingarmenia.com\/wp-content\/uploads\/2014\/12\/DSC03673-226x170.jpg 226w\" sizes=\"auto, (max-width: 300px) 100vw, 300px\" \/><\/a>\u00a0\u00a0<a href=\"http:\/\/www.campingarmenia.com\/wp-content\/uploads\/2014\/12\/DSC07989.jpg\"><img loading=\"lazy\" decoding=\"async\" class=\"alignnone size-medium wp-image-228\" src=\"http:\/\/www.campingarmenia.com\/wp-content\/uploads\/2014\/12\/DSC07989-300x225.jpg\" alt=\"DSC07989\" width=\"300\" height=\"225\" srcset=\"https:\/\/www.campingarmenia.com\/wp-content\/uploads\/2014\/12\/DSC07989-300x225.jpg 300w, https:\/\/www.campingarmenia.com\/wp-content\/uploads\/2014\/12\/DSC07989-1024x768.jpg 1024w, https:\/\/www.campingarmenia.com\/wp-content\/uploads\/2014\/12\/DSC07989-226x170.jpg 226w\" sizes=\"auto, (max-width: 300px) 100vw, 300px\" \/><\/a><\/p>\n<p><strong>Garni Temple and the Symphony of stones<\/strong><\/p>\n<p>Garni ist bekannt f\u00fcr seinen Tempel, aber auch f\u00fcr die \u201eSinfonie der Steine\u201c. Hier befindet sich au\u00dferdem der Eingang zum Khosrov-Nationalpark, durch welchen man sich fahren lassen kann. Im Park k\u00f6nnen Sie zwei Kirchen besuchen, die eine atemberaubende Aussicht bieten. In Garni gibt es ein sehr empfehlenswertes Restaurant, das frisch zubereitete Forellen und Welse anbietet.<\/p>\n<p><a href=\"http:\/\/www.campingarmenia.com\/wp-content\/uploads\/2014\/12\/geghard-monastery.jpg\"><img loading=\"lazy\" decoding=\"async\" class=\"alignnone size-medium wp-image-227\" src=\"http:\/\/www.campingarmenia.com\/wp-content\/uploads\/2014\/12\/geghard-monastery-300x187.jpg\" alt=\"SONY DSC\" width=\"300\" height=\"187\" srcset=\"https:\/\/www.campingarmenia.com\/wp-content\/uploads\/2014\/12\/geghard-monastery-300x187.jpg 300w, https:\/\/www.campingarmenia.com\/wp-content\/uploads\/2014\/12\/geghard-monastery-271x170.jpg 271w, https:\/\/www.campingarmenia.com\/wp-content\/uploads\/2014\/12\/geghard-monastery.jpg 992w\" sizes=\"auto, (max-width: 300px) 100vw, 300px\" \/><\/a><\/p>\n<p><strong>Geghard Monastery<\/strong><\/p>\n<p>In Geghard steht ein besonderes Kloster, welches zum UNESCO-Weltkulturerbe z\u00e4hlt. Ein Teil dieses Klosters wurde direkt in den Fels geschlagen. Es ist eine ganz andere Umgebung als Garni, jedoch ebenso atemberaubend. In der N\u00e4he des Klosters befinden sich einige Restaurants, mit einer sch\u00f6nen Aussicht in das Tal.<\/p>\n<p><strong>\u00a0<a href=\"http:\/\/www.campingarmenia.com\/wp-content\/uploads\/2014\/12\/DSC07114.jpg\"><img loading=\"lazy\" decoding=\"async\" class=\"alignnone size-medium wp-image-215\" src=\"http:\/\/www.campingarmenia.com\/wp-content\/uploads\/2014\/12\/DSC07114-300x225.jpg\" alt=\"DSC07114\" width=\"300\" height=\"225\" srcset=\"https:\/\/www.campingarmenia.com\/wp-content\/uploads\/2014\/12\/DSC07114-300x225.jpg 300w, https:\/\/www.campingarmenia.com\/wp-content\/uploads\/2014\/12\/DSC07114-1024x768.jpg 1024w, https:\/\/www.campingarmenia.com\/wp-content\/uploads\/2014\/12\/DSC07114-226x170.jpg 226w\" sizes=\"auto, (max-width: 300px) 100vw, 300px\" \/><\/a><\/strong><\/p>\n<p><strong>Goght und Khosrov Nationalpark<\/strong><\/p>\n<p>Goght ist ein charakteristisches, kleines Dorf aus 1828 mit 7 haus,\u00a0Jetzt hat das Dorf 601 H\u00e4user und 2.200 Menschen (2023) auf einer H\u00f6he von 1654m.\u00a0Die Menschen sind sehr gastfreundlich und viele Tiere laufen frei durch die Stra\u00dfen. Ein Pfad f\u00fchrt zum Fluss Azad. Dieser Fluss beginnt in Geghard, str\u00f6mt durch Garni und m\u00fcndet in einen See, der Jerewan mit Trinkwasser versorgt. Im Fr\u00fchling ist es ein wilder Fluss, im Sommer eher ein kleiner Bach. Auf der Goght gegen\u00fcberliegenden Seite des Flusses k\u00f6nnen Sie die Berge genie\u00dfen und verschiedene wilde Pflanzen und Tiere entdecken.<\/p>\n<p>Das Zentrum von Jerewan ist in etwa f\u00fcnfzig Minuten vom Camping 3Gs erreichbar. Die lange, gewundene Stra\u00dfe bringt Sie in die belebte Welt der Gro\u00dfstadt.<\/p>","protected":false},"excerpt":{"rendered":"<p>\u00a0\u00a0 Garni Temple and the Symphony of stones Garni ist bekannt f\u00fcr seinen Tempel, aber auch f\u00fcr die \u201eSinfonie der Steine\u201c. Hier befindet sich au\u00dferdem der Eingang zum Khosrov-Nationalpark, durch welchen man sich fahren lassen kann. Im Park k\u00f6nnen Sie zwei Kirchen besuchen, die eine atemberaubende Aussicht bieten. In Garni gibt es ein sehr empfehlenswertes [&hellip;]<\/p>\n","protected":false},"author":1,"featured_media":256,"parent":0,"menu_order":0,"comment_status":"open","ping_status":"open","template":"page-full-width.php","meta":{"footnotes":""},"class_list":["post-295","page","type-page","status-publish","has-post-thumbnail","hentry"],"_links":{"self":[{"href":"https:\/\/www.campingarmenia.com\/de\/wp-json\/wp\/v2\/pages\/295","targetHints":{"allow":["GET"]}}],"collection":[{"href":"https:\/\/www.campingarmenia.com\/de\/wp-json\/wp\/v2\/pages"}],"about":[{"href":"https:\/\/www.campingarmenia.com\/de\/wp-json\/wp\/v2\/types\/page"}],"author":[{"embeddable":true,"href":"https:\/\/www.campingarmenia.com\/de\/wp-json\/wp\/v2\/users\/1"}],"replies":[{"embeddable":true,"href":"https:\/\/www.campingarmenia.com\/de\/wp-json\/wp\/v2\/comments?post=295"}],"version-history":[{"count":17,"href":"https:\/\/www.campingarmenia.com\/de\/wp-json\/wp\/v2\/pages\/295\/revisions"}],"predecessor-version":[{"id":1009,"href":"https:\/\/www.campingarmenia.com\/de\/wp-json\/wp\/v2\/pages\/295\/revisions\/1009"}],"wp:featuredmedia":[{"embeddable":true,"href":"https:\/\/www.campingarmenia.com\/de\/wp-json\/wp\/v2\/media\/256"}],"wp:attachment":[{"href":"https:\/\/www.campingarmenia.com\/de\/wp-json\/wp\/v2\/media?parent=295"}],"curies":[{"name":"wp","href":"https:\/\/api.w.org\/{rel}","templated":true}]}}