{"id":290,"date":"2014-12-08T15:19:01","date_gmt":"2014-12-08T11:19:01","guid":{"rendered":"http:\/\/www.campingarmenia.com\/?page_id=290"},"modified":"2024-01-12T14:41:17","modified_gmt":"2024-01-12T10:41:17","slug":"deluxe-room","status":"publish","type":"page","link":"https:\/\/www.campingarmenia.com\/de\/deluxe-room\/","title":{"rendered":"Zeltpl\u00e4tze"},"content":{"rendered":"<p><span lang=\"EN-GB\"><span style=\"color: #000000; font-family: Calibri; font-size: medium;\">Zeltpl\u00e4tze ,<\/span><\/span><span lang=\"EN-GB\"><span style=\"color: #000000; font-family: Calibri; font-size: medium;\">\u00a0<\/span><\/span><\/p>\n<p><span lang=\"EN-GB\"><span style=\"color: #000000; font-family: Calibri; font-size: medium;\">Die Pl\u00e4tze auf dem Campingplatz sind gleich, so dass Sie nicht und schr\u00e4ge Rampe oder mit auf einem Findling Sie Zelt zu setzen<\/span><\/span><span style=\"color: #000000; font-family: Calibri; font-size: medium;\">. Auch \u00a0gibt es Pl\u00e4tze unter den B\u00e4umen zu finden, obwohl diese nat\u00fcrlichen Ursprungs sind und nicht bearbeitet.<\/span><\/p>\n<p><span style=\"color: #000000; font-family: Calibri; font-size: medium;\">Sie k\u00f6nnen auch die K\u00fcche, Duschen mit warmem und kaltem Wasser, Toiletten benutzen, Waschbecken mit Spiegel, Waschmaschine ( gegen Geb\u00fchr), einen Pool und kostenloses WLAN.<\/span><\/p>\n<p><span style=\"color: #000000; font-family: Calibri; font-size: medium;\">Kosten 4.500 AMD pro Person pro Nacht. Kinder 2 Jahre bis 10 Jahre 2.000 AMD\u00a0pro Person pro Nacht.<\/span><\/p>\n<p>Mindestaufenthalt 1 Tag \/ Maximaler Aufenthalt ist\u00a05 Tage.<\/p>","protected":false},"excerpt":{"rendered":"<p>Zeltpl\u00e4tze ,\u00a0 Die Pl\u00e4tze auf dem Campingplatz sind gleich, so dass Sie nicht und schr\u00e4ge Rampe oder mit auf einem Findling Sie Zelt zu setzen. Auch \u00a0gibt es Pl\u00e4tze unter den B\u00e4umen zu finden, obwohl diese nat\u00fcrlichen Ursprungs sind und nicht bearbeitet. Sie k\u00f6nnen auch die K\u00fcche, Duschen mit warmem und kaltem Wasser, Toiletten benutzen, [&hellip;]<\/p>\n","protected":false},"author":1,"featured_media":912,"parent":0,"menu_order":0,"comment_status":"open","ping_status":"open","template":"page-full-width.php","meta":{"footnotes":""},"class_list":["post-290","page","type-page","status-publish","has-post-thumbnail","hentry"],"_links":{"self":[{"href":"https:\/\/www.campingarmenia.com\/de\/wp-json\/wp\/v2\/pages\/290","targetHints":{"allow":["GET"]}}],"collection":[{"href":"https:\/\/www.campingarmenia.com\/de\/wp-json\/wp\/v2\/pages"}],"about":[{"href":"https:\/\/www.campingarmenia.com\/de\/wp-json\/wp\/v2\/types\/page"}],"author":[{"embeddable":true,"href":"https:\/\/www.campingarmenia.com\/de\/wp-json\/wp\/v2\/users\/1"}],"replies":[{"embeddable":true,"href":"https:\/\/www.campingarmenia.com\/de\/wp-json\/wp\/v2\/comments?post=290"}],"version-history":[{"count":20,"href":"https:\/\/www.campingarmenia.com\/de\/wp-json\/wp\/v2\/pages\/290\/revisions"}],"predecessor-version":[{"id":996,"href":"https:\/\/www.campingarmenia.com\/de\/wp-json\/wp\/v2\/pages\/290\/revisions\/996"}],"wp:featuredmedia":[{"embeddable":true,"href":"https:\/\/www.campingarmenia.com\/de\/wp-json\/wp\/v2\/media\/912"}],"wp:attachment":[{"href":"https:\/\/www.campingarmenia.com\/de\/wp-json\/wp\/v2\/media?parent=290"}],"curies":[{"name":"wp","href":"https:\/\/api.w.org\/{rel}","templated":true}]}}