{"id":287,"date":"2014-12-08T15:15:34","date_gmt":"2014-12-08T11:15:34","guid":{"rendered":"http:\/\/www.campingarmenia.com\/?page_id=287"},"modified":"2026-01-19T11:30:23","modified_gmt":"2026-01-19T07:30:23","slug":"double-and-single-rooms","status":"publish","type":"page","link":"https:\/\/www.campingarmenia.com\/de\/double-and-single-rooms\/","title":{"rendered":"Mieten Sie ein Zelt"},"content":{"rendered":"<p>Rent a Tent<\/p>\n<p>Wir haben 3 neue Zelte.<\/p>\n<p><strong>Zelte zu vermieten<\/strong><\/p>\n<p>Ab dem 1. Mai \u2013 15. September zu vermieten.<\/p>\n<p><b>Havastar 1<\/b> ist ein ger\u00e4umiges 2 Personen Zelt, aber wir vermieten es f\u00fcr 1 bis 2 Personen. Es verf\u00fcgt \u00fcber eine Luftmatratze von 140\u00d7190 oder 70 x 90 incl Spannbettuch! Es gibt eine Lampe f\u00fcr abends, Elektrizitat und zwei St\u00fchle und ein Tisch .<\/p>\n<p>Preis: f\u00fcr 1 Person 8.000 AMD; zwei Personen 14.000 AMD pro Nacht.<\/p>\n<p><b>Khosrov 2<\/b> ist ein ger\u00e4umiges Zelt und auch f\u00fcr 1 bis 4 Personen zu mieten. Es gibt zwei Luftmatratzen von 70 x 190 oder 140\u00d7190 incl Spannbettuch. Es gibt eine Lampe f\u00fcr abends, Elektrizitat und zwei St\u00fchle und ein Tisch.<\/p>\n<p>Preis: f\u00fcr 1 Person 8.000 AMD; zwei Personen 14.000 AMD; drei Personen 20.000 AMD und 4 Personen 25.000 AMD pro Nacht.<\/p>\n<p><b>Symphony 3<\/b> ist ein ger\u00e4umiges Zelt und auch f\u00fcr 1 bis 4 Personen zu mieten. Es gibt zwei Luftmatratzen von 70 x 190 oder 140\u00d7190 incl Spannbettuch. Es gibt eine Lampe f\u00fcr abends, Elektrizitat und zwei St\u00fchle und ein Tisch.<\/p>\n<p>Preis: f\u00fcr 1 Person 8.000 AMD; zwei Personen 14.000 AMD; drei Personen 20.000 AMD und 4 Personen 25.000 amd pro Nacht.<\/p>\n<p>Mindestaufenthalt 1 Nacht\/ Maximaler Aufenthalt 5 N\u00e4chte<\/p>\n<p>&nbsp;<\/p>\n<p><img loading=\"lazy\" decoding=\"async\" class=\"alignnone size-medium wp-image-986\" src=\"http:\/\/www.campingarmenia.com\/wp-content\/uploads\/2024\/01\/20230527_121427-300x225.jpg\" alt=\"\" width=\"300\" height=\"225\" srcset=\"https:\/\/www.campingarmenia.com\/wp-content\/uploads\/2024\/01\/20230527_121427-300x225.jpg 300w, https:\/\/www.campingarmenia.com\/wp-content\/uploads\/2024\/01\/20230527_121427-768x576.jpg 768w, https:\/\/www.campingarmenia.com\/wp-content\/uploads\/2024\/01\/20230527_121427-1024x768.jpg 1024w, https:\/\/www.campingarmenia.com\/wp-content\/uploads\/2024\/01\/20230527_121427-227x170.jpg 227w\" sizes=\"auto, (max-width: 300px) 100vw, 300px\" \/><img loading=\"lazy\" decoding=\"async\" class=\"alignnone size-medium wp-image-985\" src=\"http:\/\/www.campingarmenia.com\/wp-content\/uploads\/2024\/01\/20230527_121111-300x225.jpg\" alt=\"\" width=\"300\" height=\"225\" srcset=\"https:\/\/www.campingarmenia.com\/wp-content\/uploads\/2024\/01\/20230527_121111-300x225.jpg 300w, https:\/\/www.campingarmenia.com\/wp-content\/uploads\/2024\/01\/20230527_121111-768x576.jpg 768w, https:\/\/www.campingarmenia.com\/wp-content\/uploads\/2024\/01\/20230527_121111-1024x768.jpg 1024w, https:\/\/www.campingarmenia.com\/wp-content\/uploads\/2024\/01\/20230527_121111-227x170.jpg 227w\" sizes=\"auto, (max-width: 300px) 100vw, 300px\" \/><img loading=\"lazy\" decoding=\"async\" class=\"alignnone size-medium wp-image-981\" src=\"http:\/\/www.campingarmenia.com\/wp-content\/uploads\/2024\/01\/20230527_114845-300x225.jpg\" alt=\"\" width=\"300\" height=\"225\" srcset=\"https:\/\/www.campingarmenia.com\/wp-content\/uploads\/2024\/01\/20230527_114845-300x225.jpg 300w, https:\/\/www.campingarmenia.com\/wp-content\/uploads\/2024\/01\/20230527_114845-768x576.jpg 768w, https:\/\/www.campingarmenia.com\/wp-content\/uploads\/2024\/01\/20230527_114845-1024x768.jpg 1024w, https:\/\/www.campingarmenia.com\/wp-content\/uploads\/2024\/01\/20230527_114845-227x170.jpg 227w\" sizes=\"auto, (max-width: 300px) 100vw, 300px\" \/><img loading=\"lazy\" decoding=\"async\" class=\"alignnone size-medium wp-image-980\" src=\"http:\/\/www.campingarmenia.com\/wp-content\/uploads\/2024\/01\/20230527_114815-300x225.jpg\" alt=\"\" width=\"300\" height=\"225\" srcset=\"https:\/\/www.campingarmenia.com\/wp-content\/uploads\/2024\/01\/20230527_114815-300x225.jpg 300w, https:\/\/www.campingarmenia.com\/wp-content\/uploads\/2024\/01\/20230527_114815-768x576.jpg 768w, https:\/\/www.campingarmenia.com\/wp-content\/uploads\/2024\/01\/20230527_114815-1024x768.jpg 1024w, https:\/\/www.campingarmenia.com\/wp-content\/uploads\/2024\/01\/20230527_114815-227x170.jpg 227w\" sizes=\"auto, (max-width: 300px) 100vw, 300px\" \/><img loading=\"lazy\" decoding=\"async\" class=\"alignnone size-medium wp-image-983\" src=\"http:\/\/www.campingarmenia.com\/wp-content\/uploads\/2024\/01\/20230527_120056-300x225.jpg\" alt=\"\" width=\"300\" height=\"225\" srcset=\"https:\/\/www.campingarmenia.com\/wp-content\/uploads\/2024\/01\/20230527_120056-300x225.jpg 300w, https:\/\/www.campingarmenia.com\/wp-content\/uploads\/2024\/01\/20230527_120056-768x576.jpg 768w, https:\/\/www.campingarmenia.com\/wp-content\/uploads\/2024\/01\/20230527_120056-1024x768.jpg 1024w, https:\/\/www.campingarmenia.com\/wp-content\/uploads\/2024\/01\/20230527_120056-227x170.jpg 227w\" sizes=\"auto, (max-width: 300px) 100vw, 300px\" \/><\/p>\n<p>&nbsp;<\/p>\n<p>&nbsp;<\/p>\n<p>&nbsp;<\/p>\n<p>&nbsp;<\/p>\n<p><\/p>","protected":false},"excerpt":{"rendered":"<p>Rent a Tent Wir haben 3 neue Zelte. Zelte zu vermieten Ab dem 1. Mai \u2013 15. September zu vermieten. Havastar 1 ist ein ger\u00e4umiges 2 Personen Zelt, aber wir vermieten es f\u00fcr 1 bis 2 Personen. Es verf\u00fcgt \u00fcber eine Luftmatratze von 140\u00d7190 oder 70 x 90 incl Spannbettuch! Es gibt eine Lampe f\u00fcr [&hellip;]<\/p>\n","protected":false},"author":1,"featured_media":983,"parent":0,"menu_order":0,"comment_status":"open","ping_status":"open","template":"page-full-width.php","meta":{"footnotes":""},"class_list":["post-287","page","type-page","status-publish","has-post-thumbnail","hentry"],"_links":{"self":[{"href":"https:\/\/www.campingarmenia.com\/de\/wp-json\/wp\/v2\/pages\/287","targetHints":{"allow":["GET"]}}],"collection":[{"href":"https:\/\/www.campingarmenia.com\/de\/wp-json\/wp\/v2\/pages"}],"about":[{"href":"https:\/\/www.campingarmenia.com\/de\/wp-json\/wp\/v2\/types\/page"}],"author":[{"embeddable":true,"href":"https:\/\/www.campingarmenia.com\/de\/wp-json\/wp\/v2\/users\/1"}],"replies":[{"embeddable":true,"href":"https:\/\/www.campingarmenia.com\/de\/wp-json\/wp\/v2\/comments?post=287"}],"version-history":[{"count":28,"href":"https:\/\/www.campingarmenia.com\/de\/wp-json\/wp\/v2\/pages\/287\/revisions"}],"predecessor-version":[{"id":1026,"href":"https:\/\/www.campingarmenia.com\/de\/wp-json\/wp\/v2\/pages\/287\/revisions\/1026"}],"wp:featuredmedia":[{"embeddable":true,"href":"https:\/\/www.campingarmenia.com\/de\/wp-json\/wp\/v2\/media\/983"}],"wp:attachment":[{"href":"https:\/\/www.campingarmenia.com\/de\/wp-json\/wp\/v2\/media?parent=287"}],"curies":[{"name":"wp","href":"https:\/\/api.w.org\/{rel}","templated":true}]}}