{"id":282,"date":"2014-12-08T15:04:15","date_gmt":"2014-12-08T11:04:15","guid":{"rendered":"http:\/\/www.campingarmenia.com\/?page_id=282"},"modified":"2025-01-15T15:53:02","modified_gmt":"2025-01-15T11:53:02","slug":"addinational-options","status":"publish","type":"page","link":"https:\/\/www.campingarmenia.com\/de\/addinational-options\/","title":{"rendered":"Camper Pl\u00e4tze"},"content":{"rendered":"<p><strong>Camper Pl\u00e4tze<\/strong><\/p>\n<p>Camper k\u00f6nnen auf einer speziell gepflasterte Fl\u00e4che und\u00a0Kiesoberfl\u00e4che (geschlossen) geparkt werden. Folgende Annehmlichkeiten stehen zur Verf\u00fcgung: Stromanschluss, 2 Wasserf\u00fcllpunkte, Pool, 3 ger\u00e4umige komplette K\u00fcchen, 8 warme Duschen, 7 Toiletten und 3 Waschmaschine (500 dram pro Wasche), W\u00e4scheleinen und kostenloses WI-FI. Es gibt zwei Dachterrassen, auf denen gegessen werden oder auf den Relaxst\u00fchlen die wundersch\u00f6ne Aussicht auf Goght und den Khosrov National Park genossen werden kann.<\/p>\n<p>Kosten: 4.500 AMD pro Person pro Nacht. Kinder von 2 bis 10 Jahren 2.000 AMD pro Kind und Nacht.<\/p>\n<p>Hunde und Katzen sind willkommen und kostenlos. Die Tiere m\u00fcssen jedoch an der Leine bleiben.\u00a0Wir selbst haben 2 Hunde, die frei laufen. Auch unsere H\u00fchner, Enten, G\u00e4nse und Truth\u00e4hne sind \u00fcberall zu sehen.<\/p>\n<p>Die Besitzer wohnen auf dem Gel\u00e4nde und leben im Untergeschoss des Hauses, das Obergeschoss wird als B&amp;B vermietet<\/p>\n<p>Mindestaufenthalt 1 Tag \/ Maximaler Aufenthalt ist\u00a05 Tage.<\/p>\n<p>Parkplatz 1\u00a0ist in der N\u00e4he des Schwimmbades<\/p>\n<p><img loading=\"lazy\" decoding=\"async\" class=\"alignnone wp-image-828\" src=\"http:\/\/www.campingarmenia.com\/wp-content\/uploads\/2019\/01\/Camping-3Gs-15.jpg\" alt=\"\" width=\"315\" height=\"315\" \/><\/p>\n<p>Parkplatz 2 and 3 mit sch\u00f6ner Aussicht<\/p>\n<p><img loading=\"lazy\" decoding=\"async\" class=\"alignnone size-medium wp-image-965\" src=\"http:\/\/www.campingarmenia.com\/wp-content\/uploads\/2023\/02\/20221015_125106-parking-2-300x169.jpg\" alt=\"\" width=\"300\" height=\"169\" srcset=\"https:\/\/www.campingarmenia.com\/wp-content\/uploads\/2023\/02\/20221015_125106-parking-2-300x170.jpg 300w, https:\/\/www.campingarmenia.com\/wp-content\/uploads\/2023\/02\/20221015_125106-parking-2-768x432.jpg 768w, https:\/\/www.campingarmenia.com\/wp-content\/uploads\/2023\/02\/20221015_125106-parking-2-1024x577.jpg 1024w\" sizes=\"auto, (max-width: 300px) 100vw, 300px\" \/><img loading=\"lazy\" decoding=\"async\" class=\"alignnone size-medium wp-image-988\" src=\"http:\/\/www.campingarmenia.com\/wp-content\/uploads\/2024\/01\/20230619_081839-300x225.jpg\" alt=\"\" width=\"300\" height=\"225\" srcset=\"https:\/\/www.campingarmenia.com\/wp-content\/uploads\/2024\/01\/20230619_081839-300x225.jpg 300w, https:\/\/www.campingarmenia.com\/wp-content\/uploads\/2024\/01\/20230619_081839-768x576.jpg 768w, https:\/\/www.campingarmenia.com\/wp-content\/uploads\/2024\/01\/20230619_081839-1024x768.jpg 1024w, https:\/\/www.campingarmenia.com\/wp-content\/uploads\/2024\/01\/20230619_081839-227x170.jpg 227w\" sizes=\"auto, (max-width: 300px) 100vw, 300px\" \/><\/p>\n<p>&nbsp;<\/p>\n<p>&nbsp;<\/p>\n<p>&nbsp;<\/p>","protected":false},"excerpt":{"rendered":"<p>Camper Pl\u00e4tze Camper k\u00f6nnen auf einer speziell gepflasterte Fl\u00e4che und\u00a0Kiesoberfl\u00e4che (geschlossen) geparkt werden. Folgende Annehmlichkeiten stehen zur Verf\u00fcgung: Stromanschluss, 2 Wasserf\u00fcllpunkte, Pool, 3 ger\u00e4umige komplette K\u00fcchen, 8 warme Duschen, 7 Toiletten und 3 Waschmaschine (500 dram pro Wasche), W\u00e4scheleinen und kostenloses WI-FI. Es gibt zwei Dachterrassen, auf denen gegessen werden oder auf den Relaxst\u00fchlen die [&hellip;]<\/p>\n","protected":false},"author":1,"featured_media":822,"parent":0,"menu_order":0,"comment_status":"open","ping_status":"open","template":"page-full-width.php","meta":{"footnotes":""},"class_list":["post-282","page","type-page","status-publish","has-post-thumbnail","hentry"],"_links":{"self":[{"href":"https:\/\/www.campingarmenia.com\/de\/wp-json\/wp\/v2\/pages\/282","targetHints":{"allow":["GET"]}}],"collection":[{"href":"https:\/\/www.campingarmenia.com\/de\/wp-json\/wp\/v2\/pages"}],"about":[{"href":"https:\/\/www.campingarmenia.com\/de\/wp-json\/wp\/v2\/types\/page"}],"author":[{"embeddable":true,"href":"https:\/\/www.campingarmenia.com\/de\/wp-json\/wp\/v2\/users\/1"}],"replies":[{"embeddable":true,"href":"https:\/\/www.campingarmenia.com\/de\/wp-json\/wp\/v2\/comments?post=282"}],"version-history":[{"count":38,"href":"https:\/\/www.campingarmenia.com\/de\/wp-json\/wp\/v2\/pages\/282\/revisions"}],"predecessor-version":[{"id":1015,"href":"https:\/\/www.campingarmenia.com\/de\/wp-json\/wp\/v2\/pages\/282\/revisions\/1015"}],"wp:featuredmedia":[{"embeddable":true,"href":"https:\/\/www.campingarmenia.com\/de\/wp-json\/wp\/v2\/media\/822"}],"wp:attachment":[{"href":"https:\/\/www.campingarmenia.com\/de\/wp-json\/wp\/v2\/media?parent=282"}],"curies":[{"name":"wp","href":"https:\/\/api.w.org\/{rel}","templated":true}]}}